{"id":9,"date":"2016-04-25T17:56:49","date_gmt":"2016-04-25T17:56:49","guid":{"rendered":"https:\/\/localhost:8888\/gecko\/handmade\/?page_id=9"},"modified":"2024-08-06T10:42:13","modified_gmt":"2024-08-06T10:42:13","slug":"homepage","status":"publish","type":"page","link":"https:\/\/transjol.pt\/","title":{"rendered":"Home"},"content":{"rendered":"<p>[vc_row fullwidth=&#8221;yes&#8221; el_class=&#8221;handmade-slider&#8221;][vc_column]<div id=\"metaslider-id-11\" style=\"width: 100%; margin: 0 auto;\" class=\"ml-slider-3-108-0 metaslider metaslider-flex metaslider-11 ml-slider handmade-slider has-dots-nav ms-theme-default\" role=\"region\" aria-label=\"Handmade Slider\" data-height=\"500\" data-width=\"1170\">\n    <div id=\"metaslider_container_11\">\n        <div id=\"metaslider_11\">\n            <ul class='slides'>\n                <li style=\"display: block; width: 100%;\" class=\"slide-334 ms-image \" aria-roledescription=\"slide\" data-date=\"2021-12-08 10:39:37\" data-filename=\"Untitled-design2.png\" data-slide-type=\"image\"><img src=\"https:\/\/transjol.pt\/wp-content\/uploads\/2022\/10\/Untitled-design2.png\" height=\"500\" width=\"1170\" alt=\"\" class=\"slider-11 slide-334 msDefaultImage\" title=\"Untitled design(2)\" \/><div class=\"caption-wrap\"><div class=\"caption\"><h2>SERVI\u00c7OS \"A LA CARTE\" <\/h2> <h4>Exponha-nos a sua necessidade, n\u00f3s elaboramos a solu\u00e7\u00e3o sem que perca tempo com problemas de transporte e log\u00edstica. <\/h4> <a href=\"https:\/\/transjol.pt\/?page_id=31\" class=\"button\">Contacte-nos<\/a><\/div><\/div><\/li>\n                <li style=\"display: none; width: 100%;\" class=\"slide-335 ms-image \" aria-roledescription=\"slide\" data-date=\"2021-12-08 10:40:11\" data-filename=\"Untitled-design3.png\" data-slide-type=\"image\"><img src=\"https:\/\/transjol.pt\/wp-content\/uploads\/2022\/10\/Untitled-design3.png\" height=\"500\" width=\"1170\" alt=\"\" class=\"slider-11 slide-335 msDefaultImage\" title=\"Untitled design(3)\" \/><div class=\"caption-wrap\"><div class=\"caption\"><h2>EQUIPA MOTIVADA <\/h2> <h4>Uma empresa jovem, din\u00e2mica, humilde e com esp\u00edrito vencedor. <\/h4> <a href=\"https:\/\/transjol.pt\/?page_id=31\" class=\"button\">Contacte-nos<\/a><\/div><\/div><\/li>\n            <\/ul>\n        <\/div>\n        \n    <\/div>\n<\/div>[vc_row_inner][vc_column_inner width=&#8221;1\/2&#8243; css=&#8221;.vc_custom_1461666120336{padding-right: 0px !important;}&#8221;]<div class=\"jas-promotion oh pr middle center\"><a href=\"http:\/\/transjol.pt\/?page_id=38\" title=\"Quem Somos\"><img class=\"w__100 ts__05\" src=\"https:\/\/transjol.pt\/wp-content\/uploads\/2021\/12\/qs.png\" width=\"600\" height=\"400\" alt=\"QUEM SOMOS\" \/><\/a><div class=\"pa\"><h3 class=\"fwm fs__24 mg__0 mb__10 ls__1 lh__1\" style=\"font-size:24px; color:#ffffff; margin-bottom:1px;\">QUEM SOMOS<\/h3><h4 class=\"mg__0 mb__10\" style=\"font-size:14px; color:#ffffff;\">Uma equipa motivada para o servir<\/h4><\/div><\/div><div class=\"jas-promotion oh pr middle center\"><a href=\"http:\/\/transjol.pt\/?page_id=2\" title=\"Simulador\"><img class=\"w__100 ts__05\" src=\"https:\/\/transjol.pt\/wp-content\/uploads\/2021\/12\/simul.png\" width=\"600\" height=\"400\" alt=\"SIMULADOR\" \/><\/a><div class=\"pa\"><h3 class=\"fwm fs__24 mg__0 mb__10 ls__1 lh__1\" style=\"font-size:24px; color:#ffffff; margin-bottom:1px;\">SIMULADOR<\/h3><h4 class=\"mg__0 mb__10\" style=\"font-size:14px; color:#ffffff;\">Saiba quanto poder\u00e1 custar o seu servi\u00e7o<\/h4><\/div><\/div>[\/vc_column_inner][vc_column_inner width=&#8221;1\/2&#8243; css=&#8221;.vc_custom_1461666126929{padding-left: 0px !important;}&#8221;]<div class=\"jas-promotion oh pr middle center\"><a href=\"http:\/\/transjol.pt\/?page_id=371\" title=\"Servi\u00e7os\"><img class=\"w__100 ts__05\" src=\"https:\/\/transjol.pt\/wp-content\/uploads\/2021\/12\/servicos.jpg\" width=\"600\" height=\"400\" alt=\"SERVI\u00c7OS\" \/><\/a><div class=\"pa\"><h3 class=\"fwm fs__24 mg__0 mb__10 ls__1 lh__1\" style=\"font-size:24px; color:#ffffff; margin-bottom:1px;\">SERVI\u00c7OS<\/h3><h4 class=\"mg__0 mb__10\" style=\"font-size:14px; color:#ffffff;\">As melhores solu\u00e7\u00f5es de transporte<\/h4><\/div><\/div><div class=\"jas-promotion oh pr middle center\"><a href=\"http:\/\/transjol.pt\/?page_id=384\" title=\"Frota\"><img class=\"w__100 ts__05\" src=\"https:\/\/transjol.pt\/wp-content\/uploads\/2021\/12\/FROTA.png\" width=\"600\" height=\"400\" alt=\"FROTA\" \/><\/a><div class=\"pa\"><h3 class=\"fwm fs__24 mg__0 mb__10 ls__1 lh__1\" style=\"font-size:24px; color:#ffffff; margin-bottom:1px;\">FROTA<\/h3><h4 class=\"mg__0 mb__10\" style=\"font-size:14px; color:#ffffff;\">Fotos de algumas viaturas da nossa frota<\/h4><\/div><\/div>[\/vc_column_inner][\/vc_row_inner][\/vc_column][\/vc_row][vc_row fullwidth=&#8221;yes&#8221; css=&#8221;.vc_custom_1461670496043{margin-top: 120px !important;}&#8221;][vc_column][vc_custom_heading text=&#8221;@ SIGA-NOS NO FACEBOOK&#8221; font_container=&#8221;tag:h3|font_size:20|text_align:center&#8221; use_theme_fonts=&#8221;yes&#8221; css=&#8221;.vc_custom_1638964188109{margin-bottom: 20px !important;}&#8221; link=&#8221;url:https%3A%2F%2Fwww.facebook.com%2FTransjol-Transportes-e-Transit%25C3%25A1rio-107192950630823%2F|target:_blank&#8221;][\/vc_column][\/vc_row][vc_row fullwidth=&#8221;yes&#8221; background_position=&#8221;center center&#8221; css=&#8221;.vc_custom_1638965497531{margin-bottom: 0px !important;padding-top: 30px !important;padding-bottom: 30px !important;background: rgba(0,0,0,0.9) url(https:\/\/transjol.pt\/wp-content\/uploads\/2021\/12\/foot.png?id=357) !important;background-position: center !important;background-repeat: no-repeat !important;background-size: cover !important;*background-color: rgb(0,0,0) !important;}&#8221;][vc_column el_class=&#8221;flex&#8221; css=&#8221;.vc_custom_1638965000106{padding-top: 0px !important;}&#8221;][vc_row_inner][vc_column_inner el_class=&#8221;end-md center-sm center-xs&#8221; width=&#8221;1\/2&#8243;][vc_column_text css=&#8221;.vc_custom_1638965464749{margin-bottom: 0px !important;}&#8221;]<\/p>\n<h4 class=\"tu cw fs__14 mg__0\" style=\"line-height: 40px;\">Acompanhe-nos, assine a nossa newsletter mensal<\/h4>\n<p>[\/vc_column_text][\/vc_column_inner][vc_column_inner el_class=&#8221;start-md start-sm center-xs&#8221; width=&#8221;1\/2&#8243;][vc_column_text css=&#8221;.vc_custom_1461855806974{margin-bottom: 0px !important;}&#8221;]<script>(function() {\n\twindow.mc4wp = window.mc4wp || {\n\t\tlisteners: [],\n\t\tforms: {\n\t\t\ton: function(evt, cb) {\n\t\t\t\twindow.mc4wp.listeners.push(\n\t\t\t\t\t{\n\t\t\t\t\t\tevent   : evt,\n\t\t\t\t\t\tcallback: cb\n\t\t\t\t\t}\n\t\t\t\t);\n\t\t\t}\n\t\t}\n\t}\n})();\n<\/script><!-- Mailchimp for WordPress v4.12.1 - https:\/\/wordpress.org\/plugins\/mailchimp-for-wp\/ --><form id=\"mc4wp-form-1\" class=\"mc4wp-form mc4wp-form-256\" method=\"post\" data-id=\"256\" data-name=\"Signup newsletter form\" ><div class=\"mc4wp-form-fields\"><div class=\"signup-newsletter-form dib\">\r\n  \r\n\r\n<input type=\"email\" name=\"EMAIL\" placeholder=\"Your email address\" class=\"input-text\" required \/>\r\n<input type=\"submit\" value=\"Sign up\" class=\"submit-btn\" \/>\r\n  <\/div><\/div><label style=\"display: none !important;\">Deixe este campo vazio se for humano: <input type=\"text\" name=\"_mc4wp_honeypot\" value=\"\" tabindex=\"-1\" autocomplete=\"off\" \/><\/label><input type=\"hidden\" name=\"_mc4wp_timestamp\" value=\"1776494982\" \/><input type=\"hidden\" name=\"_mc4wp_form_id\" value=\"256\" \/><input type=\"hidden\" name=\"_mc4wp_form_element_id\" value=\"mc4wp-form-1\" \/><div class=\"mc4wp-response\"><\/div><\/form><!-- \/ Mailchimp for WordPress Plugin -->[\/vc_column_text][\/vc_column_inner][\/vc_row_inner][\/vc_column][\/vc_row][vc_row][vc_column][vc_single_image image=&#8221;571&#8243; img_size=&#8221;large&#8221; alignment=&#8221;center&#8221;][\/vc_column][\/vc_row]<\/p>\n","protected":false},"excerpt":{"rendered":"<p>[vc_row fullwidth=&#8221;yes&#8221; el_class=&#8221;handmade-slider&#8221;][vc_column][vc_row_inner][vc_column_inner width=&#8221;1\/2&#8243; css=&#8221;.vc_custom_1461666120336{padding-right: 0px !important;}&#8221;][\/vc_column_inner][vc_column_inner width=&#8221;1\/2&#8243; css=&#8221;.vc_custom_1461666126929{padding-left: 0px !important;}&#8221;][\/vc_column_inner][\/vc_row_inner][\/vc_column][\/vc_row][vc_row fullwidth=&#8221;yes&#8221; css=&#8221;.vc_custom_1461670496043{margin-top: 120px !important;}&#8221;][vc_column][vc_custom_heading text=&#8221;@ SIGA-NOS NO FACEBOOK&#8221; font_container=&#8221;tag:h3|font_size:20|text_align:center&#8221; use_theme_fonts=&#8221;yes&#8221; css=&#8221;.vc_custom_1638964188109{margin-bottom: 20px !important;}&#8221; link=&#8221;url:https%3A%2F%2Fwww.facebook.com%2FTransjol-Transportes-e-Transit%25C3%25A1rio-107192950630823%2F|target:_blank&#8221;][\/vc_column][\/vc_row][vc_row fullwidth=&#8221;yes&#8221; background_position=&#8221;center center&#8221; css=&#8221;.vc_custom_1638965497531{margin-bottom: 0px !important;padding-top: 30px !important;padding-bottom: 30px !important;background: rgba(0,0,0,0.9) url(https:\/\/transjol.pt\/wp-content\/uploads\/2021\/12\/foot.png?id=357) !important;background-position: center !important;background-repeat: no-repeat !important;background-size: cover !important;*background-color: rgb(0,0,0) !important;}&#8221;][vc_column el_class=&#8221;flex&#8221; css=&#8221;.vc_custom_1638965000106{padding-top: 0px !important;}&#8221;][vc_row_inner][vc_column_inner el_class=&#8221;end-md center-sm center-xs&#8221; width=&#8221;1\/2&#8243;][vc_column_text css=&#8221;.vc_custom_1638965464749{margin-bottom: [&hellip;]<\/p>\n","protected":false},"author":1,"featured_media":0,"parent":0,"menu_order":0,"comment_status":"closed","ping_status":"closed","template":"","meta":[],"_links":{"self":[{"href":"https:\/\/transjol.pt\/index.php?rest_route=\/wp\/v2\/pages\/9"}],"collection":[{"href":"https:\/\/transjol.pt\/index.php?rest_route=\/wp\/v2\/pages"}],"about":[{"href":"https:\/\/transjol.pt\/index.php?rest_route=\/wp\/v2\/types\/page"}],"author":[{"embeddable":true,"href":"https:\/\/transjol.pt\/index.php?rest_route=\/wp\/v2\/users\/1"}],"replies":[{"embeddable":true,"href":"https:\/\/transjol.pt\/index.php?rest_route=%2Fwp%2Fv2%2Fcomments&post=9"}],"version-history":[{"count":17,"href":"https:\/\/transjol.pt\/index.php?rest_route=\/wp\/v2\/pages\/9\/revisions"}],"predecessor-version":[{"id":572,"href":"https:\/\/transjol.pt\/index.php?rest_route=\/wp\/v2\/pages\/9\/revisions\/572"}],"wp:attachment":[{"href":"https:\/\/transjol.pt\/index.php?rest_route=%2Fwp%2Fv2%2Fmedia&parent=9"}],"curies":[{"name":"wp","href":"https:\/\/api.w.org\/{rel}","templated":true}]}}