{"id":429,"date":"2022-01-12T15:13:55","date_gmt":"2022-01-12T15:13:55","guid":{"rendered":"https:\/\/transjol.pt\/?page_id=429"},"modified":"2022-01-12T15:39:57","modified_gmt":"2022-01-12T15:39:57","slug":"recrutamento","status":"publish","type":"page","link":"https:\/\/transjol.pt\/?page_id=429","title":{"rendered":"Recrutamento"},"content":{"rendered":"<p>[vc_row][vc_column][vc_column_text]<\/p>\n<h3 style=\"text-align: center;\">Recrutamento<\/h3>\n<p style=\"text-align: center;\">A nossa equipa est\u00e1 em constante crescimento, nas mais diversas \u00e1reas. Assim, \u00e9 aqui que iremos colocar vagas em aberto. No entanto, se se considera um profissional com um perfil e motiva\u00e7\u00e3o id\u00eanticos aos nossos, contacte-nos, envie-nos o seu CV. Seremos breves a responder.<\/p>\n<p>[\/vc_column_text][vc_separator][\/vc_column][\/vc_row][vc_row][vc_column width=&#8221;1\/3&#8243;]<div class=\"jas-service tc\"><div class=\"icon small cp\"><i class=\"pe-7s-users\"><\/i><\/div><div class=\"content\"><h3 class=\"title cp tu fs__14 mt__5 mb__25\">RECRUTAMENTO<\/h3><div>\n<p style=\"text-align: center;\">De momento, n\u00e3o existem vagas em aberto.<\/p>\n<p style=\"text-align: center;\">Preencha o formul\u00e1rio ao lado, e envie-nos o seu CV.<\/p>\n<p><\/p><\/div><\/div><\/div>[\/vc_column][vc_column width=&#8221;1\/3&#8243;][vc_zigzag][\/vc_column][vc_column width=&#8221;1\/3&#8243;]\n<div class=\"wpcf7 no-js\" id=\"wpcf7-f432-o1\" lang=\"en-US\" dir=\"ltr\">\n<div class=\"screen-reader-response\"><p role=\"status\" aria-live=\"polite\" aria-atomic=\"true\"><\/p> <ul><\/ul><\/div>\n<form action=\"\/index.php?rest_route=%2Fwp%2Fv2%2Fpages%2F429#wpcf7-f432-o1\" method=\"post\" class=\"wpcf7-form init\" aria-label=\"Contact form\" enctype=\"multipart\/form-data\" novalidate=\"novalidate\" data-status=\"init\">\n<div style=\"display: none;\">\n<input type=\"hidden\" name=\"_wpcf7\" value=\"432\" \/>\n<input type=\"hidden\" name=\"_wpcf7_version\" value=\"5.8.7\" \/>\n<input type=\"hidden\" name=\"_wpcf7_locale\" value=\"en_US\" \/>\n<input type=\"hidden\" name=\"_wpcf7_unit_tag\" value=\"wpcf7-f432-o1\" \/>\n<input type=\"hidden\" name=\"_wpcf7_container_post\" value=\"0\" \/>\n<input type=\"hidden\" name=\"_wpcf7_posted_data_hash\" value=\"\" \/>\n<\/div>\n<p>O seu nome (obrigat\u00f3rio)\n<\/p>\n<p><span class=\"wpcf7-form-control-wrap\" data-name=\"your-name\"><input size=\"40\" class=\"wpcf7-form-control wpcf7-text wpcf7-validates-as-required\" aria-required=\"true\" aria-invalid=\"false\" value=\"\" type=\"text\" name=\"your-name\" \/><\/span>\n<\/p>\n<p>O seu email (obrigat\u00f3rio)\n<\/p>\n<p><span class=\"wpcf7-form-control-wrap\" data-name=\"your-email\"><input size=\"40\" class=\"wpcf7-form-control wpcf7-email wpcf7-validates-as-required wpcf7-text wpcf7-validates-as-email\" aria-required=\"true\" aria-invalid=\"false\" value=\"\" type=\"email\" name=\"your-email\" \/><\/span>\n<\/p>\n<p>Assunto\/\u00c1rea pretendida\n<\/p>\n<p><span class=\"wpcf7-form-control-wrap\" data-name=\"your-subject\"><input size=\"40\" class=\"wpcf7-form-control wpcf7-text\" aria-invalid=\"false\" value=\"\" type=\"text\" name=\"your-subject\" \/><\/span>\n<\/p>\n<p>A sua mensagem\n<\/p>\n<p><span class=\"wpcf7-form-control-wrap\" data-name=\"your-message\"><textarea cols=\"40\" rows=\"10\" class=\"wpcf7-form-control wpcf7-textarea\" aria-invalid=\"false\" name=\"your-message\"><\/textarea><\/span>\n<\/p>\n<p>Adicionar CV\n<\/p>\n<p><span class=\"wpcf7-form-control-wrap\" data-name=\"file-111\"><input size=\"40\" class=\"wpcf7-form-control wpcf7-file\" accept=\"audio\/*,video\/*,image\/*\" aria-invalid=\"false\" type=\"file\" name=\"file-111\" \/><\/span>\n<\/p>\n<p><input class=\"wpcf7-form-control wpcf7-submit has-spinner\" type=\"submit\" value=\"Enviar\" \/>\n<\/p><div class=\"wpcf7-response-output\" aria-hidden=\"true\"><\/div>\n<\/form>\n<\/div>\n[\/vc_column][\/vc_row][vc_row][vc_column][vc_column_text]<\/p>\n<blockquote>\n<p style=\"text-align: center;\">Juntar-se \u00e9 um come\u00e7o, permanecer juntos \u00e9 um processo e trabalhar juntos \u00e9 um sucesso. &#8211; <strong>Henry Ford<\/strong><\/p>\n<\/blockquote>\n<p>[\/vc_column_text][\/vc_column][\/vc_row][vc_row][vc_column][\/vc_column][\/vc_row]<\/p>\n","protected":false},"excerpt":{"rendered":"<p>[vc_row][vc_column][vc_column_text] Recrutamento A nossa equipa est\u00e1 em constante crescimento, nas mais diversas \u00e1reas. Assim, \u00e9 aqui que iremos colocar vagas em aberto. No entanto, se se considera um profissional com um perfil e motiva\u00e7\u00e3o id\u00eanticos aos nossos, contacte-nos, envie-nos o seu CV. Seremos breves a responder. [\/vc_column_text][vc_separator][\/vc_column][\/vc_row][vc_row][vc_column width=&#8221;1\/3&#8243;][\/vc_column][vc_column width=&#8221;1\/3&#8243;][vc_zigzag][\/vc_column][vc_column width=&#8221;1\/3&#8243;][\/vc_column][\/vc_row][vc_row][vc_column][vc_column_text] Juntar-se \u00e9 um come\u00e7o, permanecer [&hellip;]<\/p>\n","protected":false},"author":1,"featured_media":435,"parent":0,"menu_order":0,"comment_status":"closed","ping_status":"closed","template":"","meta":[],"_links":{"self":[{"href":"https:\/\/transjol.pt\/index.php?rest_route=\/wp\/v2\/pages\/429"}],"collection":[{"href":"https:\/\/transjol.pt\/index.php?rest_route=\/wp\/v2\/pages"}],"about":[{"href":"https:\/\/transjol.pt\/index.php?rest_route=\/wp\/v2\/types\/page"}],"author":[{"embeddable":true,"href":"https:\/\/transjol.pt\/index.php?rest_route=\/wp\/v2\/users\/1"}],"replies":[{"embeddable":true,"href":"https:\/\/transjol.pt\/index.php?rest_route=%2Fwp%2Fv2%2Fcomments&post=429"}],"version-history":[{"count":9,"href":"https:\/\/transjol.pt\/index.php?rest_route=\/wp\/v2\/pages\/429\/revisions"}],"predecessor-version":[{"id":440,"href":"https:\/\/transjol.pt\/index.php?rest_route=\/wp\/v2\/pages\/429\/revisions\/440"}],"wp:featuredmedia":[{"embeddable":true,"href":"https:\/\/transjol.pt\/index.php?rest_route=\/wp\/v2\/media\/435"}],"wp:attachment":[{"href":"https:\/\/transjol.pt\/index.php?rest_route=%2Fwp%2Fv2%2Fmedia&parent=429"}],"curies":[{"name":"wp","href":"https:\/\/api.w.org\/{rel}","templated":true}]}}