{"id":38,"date":"2016-04-26T11:23:13","date_gmt":"2016-04-26T11:23:13","guid":{"rendered":"https:\/\/localhost:8888\/gecko\/handmade\/?page_id=38"},"modified":"2022-01-14T15:00:30","modified_gmt":"2022-01-14T15:00:30","slug":"quem-somos","status":"publish","type":"page","link":"https:\/\/transjol.pt\/?page_id=38","title":{"rendered":"Quem Somos"},"content":{"rendered":"<p>[vc_row css=&#8221;.vc_custom_1461669991226{padding-top: 60px !important;padding-bottom: 60px !important;}&#8221;][vc_column width=&#8221;1\/2&#8243;][vc_column_text]<\/p>\n<h3 class=\"section-title\">Miss\u00e3o<\/h3>\n<p>Facultar ao nosso cliente a resposta que necessita no mais curto espa\u00e7o de tempo, com profissionalismo. Temos servi\u00e7os a \u201c<em>la carte<\/em>\u201d, o cliente exp\u00f5e a sua necessidade, n\u00f3s elaboramos a solu\u00e7\u00e3o sem que o cliente perca tempo com problemas de transporte e log\u00edstica.<\/p>\n<p>A nossa miss\u00e3o sempre ser\u00e1 ter boas parcerias com os nossos clientes, parcerias com alicerces e resist\u00eancia para durar.[\/vc_column_text][vc_column_text]<\/p>\n<h3 class=\"section-title\">A nossa frota e equipa<\/h3>\n<p style=\"text-align: justify;\">Contamos com uma frota recente, v\u00e1rios servi\u00e7os e rotas para os pa\u00edses da Europa Central, Espanha, Fran\u00e7a, B\u00e9lgica, Holanda, Luxemburgo, Alemanha e It\u00e1lia, n\u00e3o colocando outros destinos de fora, afim de poder estar ao lado dos seus clientes com v\u00e1rias solu\u00e7\u00f5es.<\/p>\n<p style=\"text-align: justify;\">Contamos com uma equipa de seres humanos profissionais, que fazem de n\u00f3s uma empresa jovem, Din\u00e2mica, humilde e com esp\u00edrito vencedor.<\/p>\n<p>[\/vc_column_text][\/vc_column][vc_column width=&#8221;1\/2&#8243;][vc_column_text]<\/p>\n<h3 class=\"section-title\">Hist\u00f3ria &#8211; O in\u00edcio<\/h3>\n<p style=\"text-align: justify;\">Empresa de transportes nascida em 1993 em Torres vedras. At\u00e9 2016 a empresa especializou-se somente no transporte de l\u00edquidos alimentares em cisternas a n\u00edvel nacional e Oeste de Espanha.<\/p>\n<p>[\/vc_column_text][vc_column_text]<\/p>\n<h3 class=\"section-title\">Hist\u00f3ria &#8211; O atual<\/h3>\n<p style=\"text-align: justify;\">Em 2016 a Transjol &#8211; Transportes de Mercadorias, Lda, devido \u00e0 idade avan\u00e7ada do seu propriet\u00e1rio, \u00e9 vendida. Os novos propriet\u00e1rios, iniciam ent\u00e3o uma nova fase da empresa, modernizando e iniciando um um novo projeto de crescimento para o futuro.<\/p>\n<p style=\"text-align: justify;\">Hoje a Transjol &#8211; Transportes de Mercadorias, Lda tem a sua sede em Lourinh\u00e3 e o seu parque e escrit\u00f3rios em Vilar, Cadaval.<\/p>\n<p>[\/vc_column_text][\/vc_column][\/vc_row][vc_row][vc_column][vc_column_text]<\/p>\n<blockquote>\n<p style=\"text-align: center;\">\u201cDEUS CRIA,<\/p>\n<p style=\"text-align: center;\">O HOMEM PRODUZ,<\/p>\n<p style=\"text-align: center;\">N\u00d3S TRANSPORTAMOS&#8230;\u201d<\/p>\n<\/blockquote>\n<p>[\/vc_column_text][\/vc_column][\/vc_row]<\/p>\n","protected":false},"excerpt":{"rendered":"<p>[vc_row css=&#8221;.vc_custom_1461669991226{padding-top: 60px !important;padding-bottom: 60px !important;}&#8221;][vc_column width=&#8221;1\/2&#8243;][vc_column_text] Miss\u00e3o Facultar ao nosso cliente a resposta que necessita no mais curto espa\u00e7o de tempo, com profissionalismo. Temos servi\u00e7os a \u201cla carte\u201d, o cliente exp\u00f5e a sua necessidade, n\u00f3s elaboramos a solu\u00e7\u00e3o sem que o cliente perca tempo com problemas de transporte e log\u00edstica. A nossa miss\u00e3o sempre [&hellip;]<\/p>\n","protected":false},"author":1,"featured_media":366,"parent":0,"menu_order":0,"comment_status":"closed","ping_status":"closed","template":"","meta":[],"_links":{"self":[{"href":"https:\/\/transjol.pt\/index.php?rest_route=\/wp\/v2\/pages\/38"}],"collection":[{"href":"https:\/\/transjol.pt\/index.php?rest_route=\/wp\/v2\/pages"}],"about":[{"href":"https:\/\/transjol.pt\/index.php?rest_route=\/wp\/v2\/types\/page"}],"author":[{"embeddable":true,"href":"https:\/\/transjol.pt\/index.php?rest_route=\/wp\/v2\/users\/1"}],"replies":[{"embeddable":true,"href":"https:\/\/transjol.pt\/index.php?rest_route=%2Fwp%2Fv2%2Fcomments&post=38"}],"version-history":[{"count":7,"href":"https:\/\/transjol.pt\/index.php?rest_route=\/wp\/v2\/pages\/38\/revisions"}],"predecessor-version":[{"id":502,"href":"https:\/\/transjol.pt\/index.php?rest_route=\/wp\/v2\/pages\/38\/revisions\/502"}],"wp:featuredmedia":[{"embeddable":true,"href":"https:\/\/transjol.pt\/index.php?rest_route=\/wp\/v2\/media\/366"}],"wp:attachment":[{"href":"https:\/\/transjol.pt\/index.php?rest_route=%2Fwp%2Fv2%2Fmedia&parent=38"}],"curies":[{"name":"wp","href":"https:\/\/api.w.org\/{rel}","templated":true}]}}