{"id":31,"date":"2016-04-26T11:05:14","date_gmt":"2016-04-26T11:05:14","guid":{"rendered":"https:\/\/localhost:8888\/gecko\/handmade\/?page_id=31"},"modified":"2024-06-10T15:42:57","modified_gmt":"2024-06-10T15:42:57","slug":"contact","status":"publish","type":"page","link":"https:\/\/transjol.pt\/?page_id=31","title":{"rendered":"Contactos"},"content":{"rendered":"<p>[vc_row css=&#8221;.vc_custom_1461669516970{padding-top: 80px !important;padding-bottom: 60px !important;}&#8221;][vc_column width=&#8221;1\/2&#8243;][vc_column_text]<\/p>\n<h3>Escreva-nos<\/h3>\n<p>[\/vc_column_text]\n<div class=\"wpcf7 no-js\" id=\"wpcf7-f35-o1\" lang=\"en-US\" dir=\"ltr\">\n<div class=\"screen-reader-response\"><p role=\"status\" aria-live=\"polite\" aria-atomic=\"true\"><\/p> <ul><\/ul><\/div>\n<form action=\"\/index.php?rest_route=%2Fwp%2Fv2%2Fpages%2F31#wpcf7-f35-o1\" method=\"post\" class=\"wpcf7-form init\" aria-label=\"Contact form\" novalidate=\"novalidate\" data-status=\"init\">\n<div style=\"display: none;\">\n<input type=\"hidden\" name=\"_wpcf7\" value=\"35\" \/>\n<input type=\"hidden\" name=\"_wpcf7_version\" value=\"5.8.7\" \/>\n<input type=\"hidden\" name=\"_wpcf7_locale\" value=\"en_US\" \/>\n<input type=\"hidden\" name=\"_wpcf7_unit_tag\" value=\"wpcf7-f35-o1\" \/>\n<input type=\"hidden\" name=\"_wpcf7_container_post\" value=\"0\" \/>\n<input type=\"hidden\" name=\"_wpcf7_posted_data_hash\" value=\"\" \/>\n<\/div>\n<p>Nome (obrigat\u00f3rio)\n<\/p>\n<p><span class=\"wpcf7-form-control-wrap\" data-name=\"your-name\"><input size=\"40\" class=\"wpcf7-form-control wpcf7-text wpcf7-validates-as-required\" aria-required=\"true\" aria-invalid=\"false\" value=\"\" type=\"text\" name=\"your-name\" \/><\/span>\n<\/p>\n<p>E-mail (obrigat\u00f3rio)\n<\/p>\n<p><span class=\"wpcf7-form-control-wrap\" data-name=\"your-email\"><input size=\"40\" class=\"wpcf7-form-control wpcf7-email wpcf7-validates-as-required wpcf7-text wpcf7-validates-as-email\" aria-required=\"true\" aria-invalid=\"false\" value=\"\" type=\"email\" name=\"your-email\" \/><\/span>\n<\/p>\n<p>Assunto\n<\/p>\n<p><span class=\"wpcf7-form-control-wrap\" data-name=\"your-subject\"><input size=\"40\" class=\"wpcf7-form-control wpcf7-text\" aria-invalid=\"false\" value=\"\" type=\"text\" name=\"your-subject\" \/><\/span>\n<\/p>\n<p>Mensagem\n<\/p>\n<p><span class=\"wpcf7-form-control-wrap\" data-name=\"your-message\"><textarea cols=\"40\" rows=\"10\" class=\"wpcf7-form-control wpcf7-textarea\" aria-invalid=\"false\" name=\"your-message\"><\/textarea><\/span>\n<\/p>\n<p><input class=\"wpcf7-form-control wpcf7-submit has-spinner\" type=\"submit\" value=\"Enviar\" \/>\n<\/p><div class=\"wpcf7-response-output\" aria-hidden=\"true\"><\/div>\n<\/form>\n<\/div>\n[\/vc_column][vc_column width=&#8221;1\/2&#8243;][vc_column_text]<\/p>\n<h3>Informa\u00e7\u00f5es de contacto<\/h3>\n<p>[\/vc_column_text][vc_column_text]Valorizamos o seu contacto no nosso apoio ao cliente. Seja sobre os nossos servi\u00e7os, or\u00e7amentos ou qualquer t\u00f3pico que queira partilhar connosco. Os seus coment\u00e1rios e sugest\u00f5es ser\u00e3o apreciados. Por favor, preencha o formul\u00e1rio ao lado.<\/p>\n<p>Morada (Escrit\u00f3rio e Parque):<\/p>\n<p>Antiga Cer\u00e2mica do Rodeio<\/p>\n<p>Caminho da Cer\u00e2mica s\/n &#8211; Rodeio<\/p>\n<p>2580-441 Vila Verde dos Francos<\/p>\n<p>(+351) 261 148 253\u00a0 \u00a0| \u00a0 (+351) 918 901 920<\/p>\n<p>geral@transjol.pt<\/p>\n<p>Segunda a Sexta, das 9:00 \u00e0s 18:00[\/vc_column_text][\/vc_column][\/vc_row]<\/p>\n","protected":false},"excerpt":{"rendered":"<p>[vc_row css=&#8221;.vc_custom_1461669516970{padding-top: 80px !important;padding-bottom: 60px !important;}&#8221;][vc_column width=&#8221;1\/2&#8243;][vc_column_text] Escreva-nos [\/vc_column_text][\/vc_column][vc_column width=&#8221;1\/2&#8243;][vc_column_text] Informa\u00e7\u00f5es de contacto [\/vc_column_text][vc_column_text]Valorizamos o seu contacto no nosso apoio ao cliente. Seja sobre os nossos servi\u00e7os, or\u00e7amentos ou qualquer t\u00f3pico que queira partilhar connosco. Os seus coment\u00e1rios e sugest\u00f5es ser\u00e3o apreciados. Por favor, preencha o formul\u00e1rio ao lado. Morada (Escrit\u00f3rio e Parque): Antiga Cer\u00e2mica [&hellip;]<\/p>\n","protected":false},"author":1,"featured_media":424,"parent":0,"menu_order":0,"comment_status":"closed","ping_status":"closed","template":"","meta":[],"_links":{"self":[{"href":"https:\/\/transjol.pt\/index.php?rest_route=\/wp\/v2\/pages\/31"}],"collection":[{"href":"https:\/\/transjol.pt\/index.php?rest_route=\/wp\/v2\/pages"}],"about":[{"href":"https:\/\/transjol.pt\/index.php?rest_route=\/wp\/v2\/types\/page"}],"author":[{"embeddable":true,"href":"https:\/\/transjol.pt\/index.php?rest_route=\/wp\/v2\/users\/1"}],"replies":[{"embeddable":true,"href":"https:\/\/transjol.pt\/index.php?rest_route=%2Fwp%2Fv2%2Fcomments&post=31"}],"version-history":[{"count":9,"href":"https:\/\/transjol.pt\/index.php?rest_route=\/wp\/v2\/pages\/31\/revisions"}],"predecessor-version":[{"id":569,"href":"https:\/\/transjol.pt\/index.php?rest_route=\/wp\/v2\/pages\/31\/revisions\/569"}],"wp:featuredmedia":[{"embeddable":true,"href":"https:\/\/transjol.pt\/index.php?rest_route=\/wp\/v2\/media\/424"}],"wp:attachment":[{"href":"https:\/\/transjol.pt\/index.php?rest_route=%2Fwp%2Fv2%2Fmedia&parent=31"}],"curies":[{"name":"wp","href":"https:\/\/api.w.org\/{rel}","templated":true}]}}